{"id":2529,"date":"2021-04-26T18:39:58","date_gmt":"2021-04-26T18:39:58","guid":{"rendered":"https:\/\/www.maroe.es\/?page_id=2529"},"modified":"2025-07-31T11:57:37","modified_gmt":"2025-07-31T11:57:37","slug":"informacion","status":"publish","type":"page","link":"https:\/\/www.maroe.es\/?page_id=2529","title":{"rendered":"Informaci\u00f3n"},"content":{"rendered":"\n<h2 class=\"wp-block-heading\"><strong>C\u00f3mo realizar tu pedido.<\/strong><\/h2>\n\n\n\n<ol>\n<li>Elige el producto que te guste, en \u00e9l encontrar\u00e1s un recuadro que podr\u00e1s rellenar con los datos del dise\u00f1o y todos los detalles que nos quieras dar para acercarnos lo m\u00e1ximo posible a tu idea (Las im\u00e1genes que ves en cada art\u00edculo son solo ejemplos, as\u00ed que nos tendr\u00e1s que dar todos los detalles en dicho recuadro al no ser que sea un art\u00edculo \u00fanico y no haya campos para rellenar) Tambi\u00e9n debes de seleccionar talla, color o n\u00famero dependiendo del articulo que quieras. ( En caso de no especificar colores, detalles o dise\u00f1o realizaremos el art\u00edculo a nuestro gusto) <\/li>\n\n\n\n<li>Una vez que tengas todos los art\u00edculos deseados en el carrito siempre que sea un pedido inferior a 90\u20ac el m\u00e9todo de env\u00edo y el precio de \u00e9ste mismo (siendo un plazo de 24\/48h) ser\u00e1 de 5,50\u20ac. Si tu pedido es superior a 90\u20ac podr\u00e1 seleccionar el m\u00e9todo de <em>Envio Gratis<\/em>.<\/li>\n\n\n\n<li>Como \u00faltimo paso tendr\u00e1s que rellenar todos los campos que necesitamos para el env\u00edo. En \u00e9sta p\u00e1gina tambi\u00e9n podr\u00e1s adjuntar alguna foto si quieres alg\u00fan dise\u00f1o en concreto o alguna imagen.<\/li>\n\n\n\n<li>M\u00e9todos de pago: Transferencia bancaria (Justificante a trav\u00e9s de nuestro correo electr\u00f3nico o bizum y Paypal (si eliges \u00e9sta \u00faltima opci\u00f3n tendr\u00e1s un incremento del 4% en el precio final). <\/li>\n<\/ol>\n\n\n\n<blockquote class=\"wp-block-quote\">\n<p><strong>Los d\u00edas de elaboraci\u00f3n son orientativos (siempre al entrar en la web te aparecer\u00e1 un Popup con el plazo estimado en ese momento)<\/strong><\/p>\n<\/blockquote>\n\n\n\n<h2 class=\"wp-block-heading\">Informaci\u00f3n adicional<\/h2>\n\n\n\n<ul>\n<li>Los pedidos ser\u00e1n borrados de la web en un plazo de 48h si no recibimos ning\u00fan correo electr\u00f3nico (tambi\u00e9n nos vale por MD en Instagram) con el justificante del pago o no est\u00e1 reflejado el pago en nuestra cuenta bancaria.<\/li>\n\n\n\n<li>Una vez realizado el pedido s\u00f3lo podremos hacer cambios (siempre que se pueda) si nos lo comunicas en un plazo m\u00e1ximo de 24h. <\/li>\n\n\n\n<li>En el plazo de una semana como m\u00e1ximo podr\u00e1s notificarnos cualquier error o incidencia en tu pedido.<\/li>\n\n\n\n<li>No admitimos cambios ni devoluciones.<\/li>\n\n\n\n<li>En caso de estropear la prenda por un mal uso no nos hacemos responsables<\/li>\n\n\n\n<li>En caso de que el paquete sea devuelto, el destinatario tendr\u00e1 que abonar el gasto de devoluci\u00f3n y el del nuevo env\u00edo.<\/li>\n<\/ul>\n\n\n\n<blockquote class=\"wp-block-quote\">\n<p><strong>Recordamos que son art\u00edculos hechos a mano y como tal hay que cuidarlos<\/strong> <strong>y darle un uso \u00f3ptimo<\/strong>.<\/p>\n<\/blockquote>\n\n\n\n<h2 class=\"wp-block-heading\">Consejos de lavado y planchado<\/h2>\n\n\n\n<ul>\n<li>Lavar a mano o a m\u00e1quina con agua fr\u00eda y del rev\u00e9s.                             En caso de hacerlo en la lavadora siempre en programas cortos (sin productos abrasivos ni suavizante).<\/li>\n\n\n\n<li>No frotar nunca en la parte donde haya pintura.<\/li>\n\n\n\n<li>No resiste secadora <\/li>\n\n\n\n<li>Planchar siempre del rev\u00e9s y a 100 \u00baC como m\u00e1ximo<\/li>\n<\/ul>\n\n\n\n<h2 class=\"wp-block-heading\">Tablas de medidas<\/h2>\n\n\n\n<figure class=\"wp-block-image size-large is-resized\"><img fetchpriority=\"high\" decoding=\"async\" width=\"910\" height=\"293\" src=\"https:\/\/www.maroe.es\/wp-content\/uploads\/2021\/01\/Screenshot_20210426_211347.jpg\" alt=\"\" class=\"wp-image-2537\" style=\"width:308px;height:98px\" srcset=\"https:\/\/www.maroe.es\/wp-content\/uploads\/2021\/01\/Screenshot_20210426_211347.jpg 910w, https:\/\/www.maroe.es\/wp-content\/uploads\/2021\/01\/Screenshot_20210426_211347-300x97.jpg 300w, https:\/\/www.maroe.es\/wp-content\/uploads\/2021\/01\/Screenshot_20210426_211347-768x247.jpg 768w, https:\/\/www.maroe.es\/wp-content\/uploads\/2021\/01\/Screenshot_20210426_211347-600x193.jpg 600w, https:\/\/www.maroe.es\/wp-content\/uploads\/2021\/01\/Screenshot_20210426_211347-186x60.jpg 186w, https:\/\/www.maroe.es\/wp-content\/uploads\/2021\/01\/Screenshot_20210426_211347-280x90.jpg 280w\" sizes=\"(max-width: 910px) 100vw, 910px\" \/><figcaption class=\"wp-element-caption\"><strong>Zapatillas loneta b\u00e1sicas y de hebilla<\/strong> \u2191 <\/figcaption><\/figure>\n\n\n\n<figure class=\"wp-block-image size-large is-resized\"><img decoding=\"async\" width=\"842\" height=\"722\" src=\"https:\/\/www.maroe.es\/wp-content\/uploads\/2021\/01\/Screenshot_20210426_211436.jpg\" alt=\"\" class=\"wp-image-2536\" style=\"width:295px;height:253px\" srcset=\"https:\/\/www.maroe.es\/wp-content\/uploads\/2021\/01\/Screenshot_20210426_211436.jpg 842w, https:\/\/www.maroe.es\/wp-content\/uploads\/2021\/01\/Screenshot_20210426_211436-300x257.jpg 300w, https:\/\/www.maroe.es\/wp-content\/uploads\/2021\/01\/Screenshot_20210426_211436-768x659.jpg 768w, https:\/\/www.maroe.es\/wp-content\/uploads\/2021\/01\/Screenshot_20210426_211436-600x514.jpg 600w, https:\/\/www.maroe.es\/wp-content\/uploads\/2021\/01\/Screenshot_20210426_211436-70x60.jpg 70w, https:\/\/www.maroe.es\/wp-content\/uploads\/2021\/01\/Screenshot_20210426_211436-105x90.jpg 105w\" sizes=\"(max-width: 842px) 100vw, 842px\" \/><figcaption class=\"wp-element-caption\"><strong>Zapatillas estilo bot\u00edn<\/strong> <strong>\u2191<\/strong><\/figcaption><\/figure>\n\n\n<div class=\"wp-block-image\">\n<figure class=\"alignleft size-large is-resized\"><img decoding=\"async\" width=\"1024\" height=\"275\" src=\"https:\/\/www.maroe.es\/wp-content\/uploads\/2021\/04\/Sin-t\u00edtulo-1024x275.png\" alt=\"\" class=\"wp-image-2546\" style=\"width:311px;height:83px\" srcset=\"https:\/\/www.maroe.es\/wp-content\/uploads\/2021\/04\/Sin-t\u00edtulo-1024x275.png 1024w, https:\/\/www.maroe.es\/wp-content\/uploads\/2021\/04\/Sin-t\u00edtulo-300x80.png 300w, https:\/\/www.maroe.es\/wp-content\/uploads\/2021\/04\/Sin-t\u00edtulo-768x206.png 768w, https:\/\/www.maroe.es\/wp-content\/uploads\/2021\/04\/Sin-t\u00edtulo-1536x412.png 1536w\" sizes=\"(max-width: 1024px) 100vw, 1024px\" \/><figcaption class=\"wp-element-caption\"><strong>Camiseta manga corta 0 a 2 a\u00f1os \u2191 <\/strong><\/figcaption><\/figure><\/div>\n\n\n<figure class=\"wp-block-image size-large is-resized\"><img loading=\"lazy\" decoding=\"async\" width=\"2230\" height=\"617\" src=\"https:\/\/www.maroe.es\/wp-content\/uploads\/2021\/04\/3-1024x283.png\" alt=\"\" class=\"wp-image-2548\" style=\"width:314px;height:86px\" srcset=\"https:\/\/www.maroe.es\/wp-content\/uploads\/2021\/04\/3-1024x283.png 1024w, https:\/\/www.maroe.es\/wp-content\/uploads\/2021\/04\/3-300x83.png 300w, https:\/\/www.maroe.es\/wp-content\/uploads\/2021\/04\/3-768x212.png 768w, https:\/\/www.maroe.es\/wp-content\/uploads\/2021\/04\/3-1536x425.png 1536w\" sizes=\"(max-width: 2230px) 100vw, 2230px\" \/><figcaption class=\"wp-element-caption\"><strong>Camiseta manga corta y larga 3-4 a 12-14 \u2191 <\/strong> <\/figcaption><\/figure>\n\n\n\n<figure class=\"wp-block-image size-large is-resized\"><img loading=\"lazy\" decoding=\"async\" width=\"1024\" height=\"284\" src=\"https:\/\/www.maroe.es\/wp-content\/uploads\/2021\/04\/sudadera-1024x284.png\" alt=\"\" class=\"wp-image-2551\" style=\"width:318px;height:87px\" srcset=\"https:\/\/www.maroe.es\/wp-content\/uploads\/2021\/04\/sudadera-1024x284.png 1024w, https:\/\/www.maroe.es\/wp-content\/uploads\/2021\/04\/sudadera-300x83.png 300w, https:\/\/www.maroe.es\/wp-content\/uploads\/2021\/04\/sudadera-768x213.png 768w, https:\/\/www.maroe.es\/wp-content\/uploads\/2021\/04\/sudadera-1536x427.png 1536w, https:\/\/www.maroe.es\/wp-content\/uploads\/2021\/04\/sudadera-2048x569.png 2048w, https:\/\/www.maroe.es\/wp-content\/uploads\/2021\/04\/sudadera-600x167.png 600w, https:\/\/www.maroe.es\/wp-content\/uploads\/2021\/04\/sudadera-190x53.png 190w, https:\/\/www.maroe.es\/wp-content\/uploads\/2021\/04\/sudadera-324x90.png 324w\" sizes=\"(max-width: 1024px) 100vw, 1024px\" \/><figcaption class=\"wp-element-caption\"><strong>Sudadera 1-2 a 12-14 \u2191 <\/strong> <\/figcaption><\/figure>\n","protected":false},"excerpt":{"rendered":"<p>C\u00f3mo realizar tu pedido. Los d\u00edas de elaboraci\u00f3n son orientativos (siempre al entrar en la web te aparecer\u00e1 un Popup con el plazo estimado en ese momento) Informaci\u00f3n adicional Recordamos que son art\u00edculos hechos a mano y como tal hay que cuidarlos y darle un uso \u00f3ptimo. Consejos de lavado y planchado Tablas de medidas<\/p>\n","protected":false},"author":1,"featured_media":0,"parent":0,"menu_order":0,"comment_status":"closed","ping_status":"closed","template":"","meta":{"_monsterinsights_skip_tracking":false,"_monsterinsights_sitenote_active":false,"_monsterinsights_sitenote_note":"","_monsterinsights_sitenote_category":0,"footnotes":""},"jetpack_sharing_enabled":true,"_links":{"self":[{"href":"https:\/\/www.maroe.es\/index.php?rest_route=\/wp\/v2\/pages\/2529"}],"collection":[{"href":"https:\/\/www.maroe.es\/index.php?rest_route=\/wp\/v2\/pages"}],"about":[{"href":"https:\/\/www.maroe.es\/index.php?rest_route=\/wp\/v2\/types\/page"}],"author":[{"embeddable":true,"href":"https:\/\/www.maroe.es\/index.php?rest_route=\/wp\/v2\/users\/1"}],"replies":[{"embeddable":true,"href":"https:\/\/www.maroe.es\/index.php?rest_route=%2Fwp%2Fv2%2Fcomments&post=2529"}],"version-history":[{"count":27,"href":"https:\/\/www.maroe.es\/index.php?rest_route=\/wp\/v2\/pages\/2529\/revisions"}],"predecessor-version":[{"id":5830,"href":"https:\/\/www.maroe.es\/index.php?rest_route=\/wp\/v2\/pages\/2529\/revisions\/5830"}],"wp:attachment":[{"href":"https:\/\/www.maroe.es\/index.php?rest_route=%2Fwp%2Fv2%2Fmedia&parent=2529"}],"curies":[{"name":"wp","href":"https:\/\/api.w.org\/{rel}","templated":true}]}}