{"id":3109,"date":"2023-02-20T08:51:34","date_gmt":"2023-02-20T08:51:34","guid":{"rendered":"https:\/\/www.maroe.es\/?page_id=3109"},"modified":"2023-05-22T09:41:34","modified_gmt":"2023-05-22T09:41:34","slug":"reembolso_devoluciones","status":"publish","type":"page","link":"https:\/\/www.maroe.es\/?page_id=3109","title":{"rendered":"Politica de env\u00edos y devoluciones"},"content":{"rendered":"\n<p><strong>1. DATOS IDENTIFICATIVOS<\/strong><\/p>\n\n\n\n<p>Denominaci\u00f3n social:&nbsp;Maroe CB<br>Nombre comercial:&nbsp;Maroe<br>CIF:&nbsp;E72880677<br>e-mail:&nbsp;maroe_mr@hotmail.com<\/p>\n\n\n\n<h2 class=\"wp-block-heading\"><strong>C\u00f3mo realizar tu pedido.<\/strong><\/h2>\n\n\n\n<ol>\n<li>Elige el producto que te guste, en \u00e9l encontrar\u00e1s un recuadro que podr\u00e1s rellenar con los datos del dise\u00f1o y todos los detalles que nos quieras dar para acercarnos lo m\u00e1ximo posible a tu idea (Las im\u00e1genes que ves en cada art\u00edculo son solo ejemplos, as\u00ed que nos tendr\u00e1s que dar todos los detalles en dicho recuadro al no ser que sea un art\u00edculo \u00fanico y no haya campos para rellenar) Tambi\u00e9n debes de seleccionar talla, color o n\u00famero dependiendo del articulo que quieras. ( En caso de no especificar colores, detalles o dise\u00f1o realizaremos el art\u00edculo a nuestro gusto)<\/li>\n\n\n\n<li>Una vez que tengas todos los art\u00edculos deseados en el carrito siempre que sea un pedido inferior a 90\u20ac el m\u00e9todo de env\u00edo ser\u00e1 de 4,95\u20ac. Si tu pedido es superior a 90\u20ac podr\u00e1 seleccionar el m\u00e9todo de\u00a0<em>Envio Gratis<\/em>.<\/li>\n\n\n\n<li>Como \u00faltimo paso tendr\u00e1s que rellenar todos los campos que necesitamos para el env\u00edo. En \u00e9sta p\u00e1gina tambi\u00e9n podr\u00e1s adjuntar alguna foto si quieres alg\u00fan dise\u00f1o en concreto o alguna imagen.<\/li>\n\n\n\n<li>M\u00e9todos de pago: Transferencia bancaria, pago con tarjeta, bizum y Paypal (si eliges \u00e9sta \u00faltima opci\u00f3n tendr\u00e1s un incremento del 5% en el precio final).<\/li>\n<\/ol>\n\n\n\n<p class=\"has-medium-font-size\"><strong>Envios<\/strong> de 24\/48h (m\u00e1s tiempo de elaboraci\u00f3n). El tiempo de elaboraci\u00f3n siempre aparecer\u00e1 al entrar en nuestra web como ventana emergente.<\/p>\n\n\n\n<h2 class=\"wp-block-heading\">Informaci\u00f3n adicional DEVOLUVI\u00d3N\/CANCELACI\u00d3N<\/h2>\n\n\n\n<ul>\n<li>Los pedidos ser\u00e1n borrados de la web en un plazo de 48h si no recibimos ning\u00fan correo electr\u00f3nico (tambi\u00e9n nos vale por MD en Instagram) con el justificante del pago o no est\u00e1 reflejado el pago en nuestra cuenta bancaria.<\/li>\n\n\n\n<li>Una vez realizado el pedido s\u00f3lo podremos hacer cambios (siempre que se pueda) si nos lo comunicas en un plazo m\u00e1ximo de 24h.<\/li>\n\n\n\n<li>En el plazo de una semana como m\u00e1ximo podr\u00e1s notificarnos cualquier error o incidencia en tu pedido.<\/li>\n\n\n\n<li>No admitimos cambios ni devoluciones.<\/li>\n\n\n\n<li>En caso de estropear la prenda por un mal uso no nos hacemos responsables<\/li>\n<\/ul>\n\n\n\n<p><\/p>\n","protected":false},"excerpt":{"rendered":"<p>1. DATOS IDENTIFICATIVOS Denominaci\u00f3n social:&nbsp;Maroe CBNombre comercial:&nbsp;MaroeCIF:&nbsp;E72880677e-mail:&nbsp;maroe_mr@hotmail.com C\u00f3mo realizar tu pedido. Envios de 24\/48h (m\u00e1s tiempo de elaboraci\u00f3n). El tiempo de elaboraci\u00f3n siempre aparecer\u00e1 al entrar en nuestra web como ventana emergente. Informaci\u00f3n adicional DEVOLUVI\u00d3N\/CANCELACI\u00d3N<\/p>\n","protected":false},"author":1,"featured_media":0,"parent":0,"menu_order":0,"comment_status":"closed","ping_status":"closed","template":"","meta":{"_monsterinsights_skip_tracking":false,"_monsterinsights_sitenote_active":false,"_monsterinsights_sitenote_note":"","_monsterinsights_sitenote_category":0,"footnotes":""},"jetpack_sharing_enabled":true,"_links":{"self":[{"href":"https:\/\/www.maroe.es\/index.php?rest_route=\/wp\/v2\/pages\/3109"}],"collection":[{"href":"https:\/\/www.maroe.es\/index.php?rest_route=\/wp\/v2\/pages"}],"about":[{"href":"https:\/\/www.maroe.es\/index.php?rest_route=\/wp\/v2\/types\/page"}],"author":[{"embeddable":true,"href":"https:\/\/www.maroe.es\/index.php?rest_route=\/wp\/v2\/users\/1"}],"replies":[{"embeddable":true,"href":"https:\/\/www.maroe.es\/index.php?rest_route=%2Fwp%2Fv2%2Fcomments&post=3109"}],"version-history":[{"count":3,"href":"https:\/\/www.maroe.es\/index.php?rest_route=\/wp\/v2\/pages\/3109\/revisions"}],"predecessor-version":[{"id":4698,"href":"https:\/\/www.maroe.es\/index.php?rest_route=\/wp\/v2\/pages\/3109\/revisions\/4698"}],"wp:attachment":[{"href":"https:\/\/www.maroe.es\/index.php?rest_route=%2Fwp%2Fv2%2Fmedia&parent=3109"}],"curies":[{"name":"wp","href":"https:\/\/api.w.org\/{rel}","templated":true}]}}