{"id":100,"date":"2019-02-19T16:43:41","date_gmt":"2019-02-19T16:43:41","guid":{"rendered":"https:\/\/www.maroe.es\/?post_type=product&#038;p=100"},"modified":"2025-10-01T15:58:25","modified_gmt":"2025-10-01T15:58:25","slug":"botita-loneta-modelo-a-elegir","status":"publish","type":"product","link":"https:\/\/www.maroe.es\/?product=botita-loneta-modelo-a-elegir","title":{"rendered":"Zapatillas beb\u00e9"},"content":{"rendered":"","protected":false},"excerpt":{"rendered":"<p>Patucos de lona y suela blandita para beb\u00e9s<\/p>\n<ul>\n<li>Se personaliza con la tem\u00e1tica o dibujo que m\u00e1s te guste.<\/li>\n<li>Las im\u00e1genes que aparecen son solo ejemplos, deb\u00e9is de rellenar el cuadro de &#8220;Dise\u00f1o&#8221; con el dibujo que quer\u00e1is, detalles y colores de preferencia<\/li>\n<li><strong>DIBUJO EN UNA ZAPATILLA Y EN LA OTRA EL NOMBRE COMO EN FOTOS<\/strong><\/li>\n<li>Si quiereis personaje en las dos zapatillas deber\u00e9is de indicarlo en el *Dibujo adicional* (Suplemento 8\u20ac)<\/li>\n<\/ul>\n","protected":false},"featured_media":5192,"template":"","meta":{"_monsterinsights_skip_tracking":false,"_monsterinsights_sitenote_active":false,"_monsterinsights_sitenote_note":"","_monsterinsights_sitenote_category":0},"product_cat":[163],"product_tag":[],"jetpack_sharing_enabled":true,"_links":{"self":[{"href":"https:\/\/www.maroe.es\/index.php?rest_route=\/wp\/v2\/product\/100"}],"collection":[{"href":"https:\/\/www.maroe.es\/index.php?rest_route=\/wp\/v2\/product"}],"about":[{"href":"https:\/\/www.maroe.es\/index.php?rest_route=\/wp\/v2\/types\/product"}],"wp:featuredmedia":[{"embeddable":true,"href":"https:\/\/www.maroe.es\/index.php?rest_route=\/wp\/v2\/media\/5192"}],"wp:attachment":[{"href":"https:\/\/www.maroe.es\/index.php?rest_route=%2Fwp%2Fv2%2Fmedia&parent=100"}],"wp:term":[{"taxonomy":"product_cat","embeddable":true,"href":"https:\/\/www.maroe.es\/index.php?rest_route=%2Fwp%2Fv2%2Fproduct_cat&post=100"},{"taxonomy":"product_tag","embeddable":true,"href":"https:\/\/www.maroe.es\/index.php?rest_route=%2Fwp%2Fv2%2Fproduct_tag&post=100"}],"curies":[{"name":"wp","href":"https:\/\/api.w.org\/{rel}","templated":true}]}}