{"id":1489,"date":"2020-05-31T17:44:48","date_gmt":"2020-05-31T17:44:48","guid":{"rendered":"https:\/\/www.maroe.es\/?post_type=product&#038;p=1489"},"modified":"2026-03-29T18:59:18","modified_gmt":"2026-03-29T18:59:18","slug":"conjunto-monstruo-galletas","status":"publish","type":"product","link":"https:\/\/www.maroe.es\/?product=conjunto-monstruo-galletas","title":{"rendered":"Conjunto Bolsillo"},"content":{"rendered":"","protected":false},"excerpt":{"rendered":"<p>Conjunto de cubrepa\u00f1al m\u00e1s camiseta o body con bolsillo estampado 100% algod\u00f3n.<\/p>\n<ul>\n<li>La talla de 3 meses ir\u00e1 con body, el resto ser\u00e1 camiseta.<\/li>\n<li>El chupetero es opcional, puedes a\u00f1adirlo m\u00e1s abajo en el recuadro correspondiente con un suplemento de 6\u20ac, al igual que el nombre impreso en este mismo por 1,50\u20ac.<\/li>\n<li>Puedes consultar en el siguiente enlace\u00a0<a href=\"https:\/\/www.maroe.es\/?page_id=4307\">Telas disponibles<\/a>\u00a0y a\u00f1adir el nombre de las telas elegidas en los recuadros.<\/li>\n<\/ul>\n","protected":false},"featured_media":1486,"template":"","meta":{"_monsterinsights_skip_tracking":false,"_monsterinsights_sitenote_active":false,"_monsterinsights_sitenote_note":"","_monsterinsights_sitenote_category":0},"product_cat":[214],"product_tag":[],"jetpack_sharing_enabled":true,"_links":{"self":[{"href":"https:\/\/www.maroe.es\/index.php?rest_route=\/wp\/v2\/product\/1489"}],"collection":[{"href":"https:\/\/www.maroe.es\/index.php?rest_route=\/wp\/v2\/product"}],"about":[{"href":"https:\/\/www.maroe.es\/index.php?rest_route=\/wp\/v2\/types\/product"}],"wp:featuredmedia":[{"embeddable":true,"href":"https:\/\/www.maroe.es\/index.php?rest_route=\/wp\/v2\/media\/1486"}],"wp:attachment":[{"href":"https:\/\/www.maroe.es\/index.php?rest_route=%2Fwp%2Fv2%2Fmedia&parent=1489"}],"wp:term":[{"taxonomy":"product_cat","embeddable":true,"href":"https:\/\/www.maroe.es\/index.php?rest_route=%2Fwp%2Fv2%2Fproduct_cat&post=1489"},{"taxonomy":"product_tag","embeddable":true,"href":"https:\/\/www.maroe.es\/index.php?rest_route=%2Fwp%2Fv2%2Fproduct_tag&post=1489"}],"curies":[{"name":"wp","href":"https:\/\/api.w.org\/{rel}","templated":true}]}}