{"id":1961,"date":"2021-01-13T20:35:48","date_gmt":"2021-01-13T20:35:48","guid":{"rendered":"https:\/\/www.maroe.es\/?post_type=product&#038;p=1961"},"modified":"2026-03-29T19:14:03","modified_gmt":"2026-03-29T19:14:03","slug":"chupetero-silicona-rosa","status":"publish","type":"product","link":"https:\/\/www.maroe.es\/?product=chupetero-silicona-rosa","title":{"rendered":"Chupetero Silicona"},"content":{"rendered":"","protected":false},"excerpt":{"rendered":"<p>Chupetero personalizado, 100% silicona org\u00e1nica antibacteriana y broche de madera libre de BPA, 100% mordisqueable y\u00a0 suave para las enc\u00edas de tu beb\u00e9. Sirve como complemento, para evitar p\u00e9rdidas de chupete y para aliviar las enc\u00edas inflamadas del beb\u00e9 cuando lo se lo llevan a la boca o lo muerden.<\/p>\n","protected":false},"featured_media":2056,"template":"","meta":{"_monsterinsights_skip_tracking":false,"_monsterinsights_sitenote_active":false,"_monsterinsights_sitenote_note":"","_monsterinsights_sitenote_category":0},"product_cat":[207],"product_tag":[],"jetpack_sharing_enabled":true,"_links":{"self":[{"href":"https:\/\/www.maroe.es\/index.php?rest_route=\/wp\/v2\/product\/1961"}],"collection":[{"href":"https:\/\/www.maroe.es\/index.php?rest_route=\/wp\/v2\/product"}],"about":[{"href":"https:\/\/www.maroe.es\/index.php?rest_route=\/wp\/v2\/types\/product"}],"wp:featuredmedia":[{"embeddable":true,"href":"https:\/\/www.maroe.es\/index.php?rest_route=\/wp\/v2\/media\/2056"}],"wp:attachment":[{"href":"https:\/\/www.maroe.es\/index.php?rest_route=%2Fwp%2Fv2%2Fmedia&parent=1961"}],"wp:term":[{"taxonomy":"product_cat","embeddable":true,"href":"https:\/\/www.maroe.es\/index.php?rest_route=%2Fwp%2Fv2%2Fproduct_cat&post=1961"},{"taxonomy":"product_tag","embeddable":true,"href":"https:\/\/www.maroe.es\/index.php?rest_route=%2Fwp%2Fv2%2Fproduct_tag&post=1961"}],"curies":[{"name":"wp","href":"https:\/\/api.w.org\/{rel}","templated":true}]}}