{"id":2682,"date":"2021-06-17T07:18:44","date_gmt":"2021-06-17T07:18:44","guid":{"rendered":"https:\/\/www.maroe.es\/?post_type=product&#038;p=2682"},"modified":"2026-03-29T19:00:45","modified_gmt":"2026-03-29T19:00:45","slug":"conjunto-inicial-2","status":"publish","type":"product","link":"https:\/\/www.maroe.es\/?product=conjunto-inicial-2","title":{"rendered":"Conjunto Inicial Tela"},"content":{"rendered":"","protected":false},"excerpt":{"rendered":"<p>Conjunto de cubrepa\u00f1al m\u00e1s camiseta con inicial 100% algod\u00f3n.<\/p>\n<ul>\n<li>La talla 3 meses es la \u00fanica que se confecciona con body.<\/li>\n<li>Si quieres el cubrepa\u00f1al con volante deb\u00e9is de seleccionarlo en las pesta\u00f1as de m\u00e1s abajo.<\/li>\n<li>Ademas de la inicial tambi\u00e9n podemos a\u00f1adir el nombre a la camiseta.<\/li>\n<li>A\u00f1adir nombre en el recuadro de m\u00e1s abajo.<\/li>\n<li>Puedes consultar en el siguiente enlace\u00a0<a href=\"https:\/\/www.maroe.es\/?page_id=4307\">Telas disponibles<\/a>\u00a0y a\u00f1adir el nombre de las telas elegidas en los recuadros.<\/li>\n<\/ul>\n","protected":false},"featured_media":2690,"template":"","meta":{"_monsterinsights_skip_tracking":false,"_monsterinsights_sitenote_active":false,"_monsterinsights_sitenote_note":"","_monsterinsights_sitenote_category":0},"product_cat":[214],"product_tag":[],"jetpack_sharing_enabled":true,"_links":{"self":[{"href":"https:\/\/www.maroe.es\/index.php?rest_route=\/wp\/v2\/product\/2682"}],"collection":[{"href":"https:\/\/www.maroe.es\/index.php?rest_route=\/wp\/v2\/product"}],"about":[{"href":"https:\/\/www.maroe.es\/index.php?rest_route=\/wp\/v2\/types\/product"}],"wp:featuredmedia":[{"embeddable":true,"href":"https:\/\/www.maroe.es\/index.php?rest_route=\/wp\/v2\/media\/2690"}],"wp:attachment":[{"href":"https:\/\/www.maroe.es\/index.php?rest_route=%2Fwp%2Fv2%2Fmedia&parent=2682"}],"wp:term":[{"taxonomy":"product_cat","embeddable":true,"href":"https:\/\/www.maroe.es\/index.php?rest_route=%2Fwp%2Fv2%2Fproduct_cat&post=2682"},{"taxonomy":"product_tag","embeddable":true,"href":"https:\/\/www.maroe.es\/index.php?rest_route=%2Fwp%2Fv2%2Fproduct_tag&post=2682"}],"curies":[{"name":"wp","href":"https:\/\/api.w.org\/{rel}","templated":true}]}}