{"id":2766,"date":"2021-07-15T20:31:36","date_gmt":"2021-07-15T20:31:36","guid":{"rendered":"https:\/\/www.maroe.es\/?post_type=product&#038;p=2766"},"modified":"2026-05-04T16:12:43","modified_gmt":"2026-05-04T16:12:43","slug":"babi-infantil","status":"publish","type":"product","link":"https:\/\/www.maroe.es\/?product=babi-infantil","title":{"rendered":"3 piezas"},"content":{"rendered":"","protected":false},"excerpt":{"rendered":"<p>Babi 100% algod\u00f3n, confeccionado con el\u00e1stico suave en cuello y pu\u00f1os adem\u00e1s de un bolsillo central.<\/p>\n<p>Mochila (para peques de hasta 6 a\u00f1os) con cierre ajustable con rizo y forro interior. Medidas: 25,5x18cm aprox.<\/p>\n<p>Bolsa multiusos 100% algod\u00f3n. Medidas: 26&#215;24,5cm aprox.<\/p>\n<ul>\n<li>Talla 1 (12\/18 meses)<\/li>\n<li>Talla 2 (24 meses)<\/li>\n<li>Talla 3 (36 meses)<\/li>\n<li>Se personaliza con el nombre.<\/li>\n<\/ul>\n<ul>\n<li>Puedes consultar en el siguiente enlace\u00a0<a href=\"https:\/\/www.maroe.es\/?page_id=4307\">Telas disponibles<\/a>\u00a0y a\u00f1adir el nombre de las telas elegidas en los recuadros.<\/li>\n<\/ul>\n<p>Pod\u00e9is consultar colores y estampados disponibles para combinar las telas a trav\u00e9s de mensaje privado en instagram o whatsapp<\/p>\n","protected":false},"featured_media":5713,"template":"","meta":{"_monsterinsights_skip_tracking":false,"_monsterinsights_sitenote_active":false,"_monsterinsights_sitenote_note":"","_monsterinsights_sitenote_category":0},"product_cat":[167],"product_tag":[],"jetpack_sharing_enabled":true,"_links":{"self":[{"href":"https:\/\/www.maroe.es\/index.php?rest_route=\/wp\/v2\/product\/2766"}],"collection":[{"href":"https:\/\/www.maroe.es\/index.php?rest_route=\/wp\/v2\/product"}],"about":[{"href":"https:\/\/www.maroe.es\/index.php?rest_route=\/wp\/v2\/types\/product"}],"wp:featuredmedia":[{"embeddable":true,"href":"https:\/\/www.maroe.es\/index.php?rest_route=\/wp\/v2\/media\/5713"}],"wp:attachment":[{"href":"https:\/\/www.maroe.es\/index.php?rest_route=%2Fwp%2Fv2%2Fmedia&parent=2766"}],"wp:term":[{"taxonomy":"product_cat","embeddable":true,"href":"https:\/\/www.maroe.es\/index.php?rest_route=%2Fwp%2Fv2%2Fproduct_cat&post=2766"},{"taxonomy":"product_tag","embeddable":true,"href":"https:\/\/www.maroe.es\/index.php?rest_route=%2Fwp%2Fv2%2Fproduct_tag&post=2766"}],"curies":[{"name":"wp","href":"https:\/\/api.w.org\/{rel}","templated":true}]}}