{"id":3244,"date":"2021-10-29T16:38:21","date_gmt":"2021-10-29T16:38:21","guid":{"rendered":"https:\/\/www.maroe.es\/?post_type=product&#038;p=3244"},"modified":"2024-11-05T18:18:06","modified_gmt":"2024-11-05T18:18:06","slug":"calcetin-navideno-mickey","status":"publish","type":"product","link":"https:\/\/www.maroe.es\/?product=calcetin-navideno-mickey","title":{"rendered":"Calcet\u00edn Navide\u00f1o"},"content":{"rendered":"","protected":false},"excerpt":{"rendered":"<p>Calcet\u00edn navide\u00f1o confeccionado con tela.<\/p>\n<ul>\n<li>Medidas: 24.5 x 28,50 cm<\/li>\n<li>Se personaliza con el nombre en la parte superior<\/li>\n<li>En el apartado de Modelo se escoge la tela estampada del calcet\u00edn y en el combinaci\u00f3n la tela d\u00f3nde ir\u00e1 el nombre (opcional).<\/li>\n<\/ul>\n","protected":false},"featured_media":3246,"template":"","meta":{"_monsterinsights_skip_tracking":false,"_monsterinsights_sitenote_active":false,"_monsterinsights_sitenote_note":"","_monsterinsights_sitenote_category":0},"product_cat":[259],"product_tag":[],"jetpack_sharing_enabled":true,"_links":{"self":[{"href":"https:\/\/www.maroe.es\/index.php?rest_route=\/wp\/v2\/product\/3244"}],"collection":[{"href":"https:\/\/www.maroe.es\/index.php?rest_route=\/wp\/v2\/product"}],"about":[{"href":"https:\/\/www.maroe.es\/index.php?rest_route=\/wp\/v2\/types\/product"}],"wp:featuredmedia":[{"embeddable":true,"href":"https:\/\/www.maroe.es\/index.php?rest_route=\/wp\/v2\/media\/3246"}],"wp:attachment":[{"href":"https:\/\/www.maroe.es\/index.php?rest_route=%2Fwp%2Fv2%2Fmedia&parent=3244"}],"wp:term":[{"taxonomy":"product_cat","embeddable":true,"href":"https:\/\/www.maroe.es\/index.php?rest_route=%2Fwp%2Fv2%2Fproduct_cat&post=3244"},{"taxonomy":"product_tag","embeddable":true,"href":"https:\/\/www.maroe.es\/index.php?rest_route=%2Fwp%2Fv2%2Fproduct_tag&post=3244"}],"curies":[{"name":"wp","href":"https:\/\/api.w.org\/{rel}","templated":true}]}}