{"id":3297,"date":"2021-11-15T19:16:58","date_gmt":"2021-11-15T19:16:58","guid":{"rendered":"https:\/\/www.maroe.es\/?post_type=product&#038;p=3297"},"modified":"2024-11-05T18:19:04","modified_gmt":"2024-11-05T18:19:04","slug":"mini-calcetin-navideno-adorno-arbol","status":"publish","type":"product","link":"https:\/\/www.maroe.es\/?product=mini-calcetin-navideno-adorno-arbol","title":{"rendered":"Mini Calcet\u00edn Navide\u00f1o (Adorno \u00c1rbol)"},"content":{"rendered":"","protected":false},"excerpt":{"rendered":"<p>Mini calcet\u00edn navide\u00f1o confeccionado con tela.<\/p>\n<ul>\n<li>Medidas: 9,5 x 7,5 cm aprox.<\/li>\n<li>Se personaliza con el nombre en la parte de arriba.<\/li>\n<li>La parte superior del calcet\u00edn ir\u00e1 acorde a la tela.<\/li>\n<\/ul>\n","protected":false},"featured_media":4862,"template":"","meta":{"_monsterinsights_skip_tracking":false,"_monsterinsights_sitenote_active":false,"_monsterinsights_sitenote_note":"","_monsterinsights_sitenote_category":0},"product_cat":[259],"product_tag":[],"jetpack_sharing_enabled":true,"_links":{"self":[{"href":"https:\/\/www.maroe.es\/index.php?rest_route=\/wp\/v2\/product\/3297"}],"collection":[{"href":"https:\/\/www.maroe.es\/index.php?rest_route=\/wp\/v2\/product"}],"about":[{"href":"https:\/\/www.maroe.es\/index.php?rest_route=\/wp\/v2\/types\/product"}],"wp:featuredmedia":[{"embeddable":true,"href":"https:\/\/www.maroe.es\/index.php?rest_route=\/wp\/v2\/media\/4862"}],"wp:attachment":[{"href":"https:\/\/www.maroe.es\/index.php?rest_route=%2Fwp%2Fv2%2Fmedia&parent=3297"}],"wp:term":[{"taxonomy":"product_cat","embeddable":true,"href":"https:\/\/www.maroe.es\/index.php?rest_route=%2Fwp%2Fv2%2Fproduct_cat&post=3297"},{"taxonomy":"product_tag","embeddable":true,"href":"https:\/\/www.maroe.es\/index.php?rest_route=%2Fwp%2Fv2%2Fproduct_tag&post=3297"}],"curies":[{"name":"wp","href":"https:\/\/api.w.org\/{rel}","templated":true}]}}