{"id":3727,"date":"2022-03-31T09:33:13","date_gmt":"2022-03-31T09:33:13","guid":{"rendered":"https:\/\/www.maroe.es\/?post_type=product&#038;p=3727"},"modified":"2026-03-29T14:00:54","modified_gmt":"2026-03-29T14:00:54","slug":"capa-de-bano","status":"publish","type":"product","link":"https:\/\/www.maroe.es\/?product=capa-de-bano","title":{"rendered":"Capa de Ba\u00f1o"},"content":{"rendered":"","protected":false},"excerpt":{"rendered":"<p>Capa de ba\u00f1o 100% algod\u00f3n con rizo suave.<\/p>\n<ul>\n<li>Dos medidas disponibles: 80x80cm o 100x100cm aprox.<\/li>\n<li>Color de toalla: Blanco, para otro color consultar.<\/li>\n<li>Se puede personalizar con el nombre del beb\u00e9 (+2\u20ac)<\/li>\n<li>Consulta en el siguiente enlace <a href=\"https:\/\/www.maroe.es\/?page_id=4307\">Telas disponibles<\/a> y a\u00f1ade el nombre de la tela elegida en el recuadro.<\/li>\n<\/ul>\n","protected":false},"featured_media":6049,"template":"","meta":{"_monsterinsights_skip_tracking":false,"_monsterinsights_sitenote_active":false,"_monsterinsights_sitenote_note":"","_monsterinsights_sitenote_category":0},"product_cat":[207],"product_tag":[],"jetpack_sharing_enabled":true,"_links":{"self":[{"href":"https:\/\/www.maroe.es\/index.php?rest_route=\/wp\/v2\/product\/3727"}],"collection":[{"href":"https:\/\/www.maroe.es\/index.php?rest_route=\/wp\/v2\/product"}],"about":[{"href":"https:\/\/www.maroe.es\/index.php?rest_route=\/wp\/v2\/types\/product"}],"wp:featuredmedia":[{"embeddable":true,"href":"https:\/\/www.maroe.es\/index.php?rest_route=\/wp\/v2\/media\/6049"}],"wp:attachment":[{"href":"https:\/\/www.maroe.es\/index.php?rest_route=%2Fwp%2Fv2%2Fmedia&parent=3727"}],"wp:term":[{"taxonomy":"product_cat","embeddable":true,"href":"https:\/\/www.maroe.es\/index.php?rest_route=%2Fwp%2Fv2%2Fproduct_cat&post=3727"},{"taxonomy":"product_tag","embeddable":true,"href":"https:\/\/www.maroe.es\/index.php?rest_route=%2Fwp%2Fv2%2Fproduct_tag&post=3727"}],"curies":[{"name":"wp","href":"https:\/\/api.w.org\/{rel}","templated":true}]}}