{"id":4390,"date":"2023-01-31T11:01:35","date_gmt":"2023-01-31T11:01:35","guid":{"rendered":"https:\/\/www.maroe.es\/?post_type=product&#038;p=4390"},"modified":"2026-03-30T07:56:47","modified_gmt":"2026-03-30T07:56:47","slug":"portadocumentos","status":"publish","type":"product","link":"https:\/\/www.maroe.es\/?product=portadocumentos","title":{"rendered":"Portadocumentos"},"content":{"rendered":"","protected":false},"excerpt":{"rendered":"<p>Portadocumentos personalizado con las telas que m\u00e1s te gusten.<\/p>\n<p>Un complemento indispensable que te ayudar\u00e1 a llevar ordenados todos los papeles m\u00e9dicos y documentaci\u00f3n de tu beb\u00e9.<\/p>\n<p>Contiene dos compartimentos para el libro de nacimiento, vacunas, recetas&#8230; Adem\u00e1s de 4 m\u00e1s peque\u00f1os destinados para las tarjetas.<\/p>\n<ul>\n<li>Se puede personalizar con el nombre del beb\u00e9.<\/li>\n<li>Puedes consultar a trav\u00e9s de nuestras redes sociales (instragram, whatsapp) c\u00f3mo combinar\u00edan las telas entre s\u00ed.<\/li>\n<li>Puedes consultar en el siguiente enlace\u00a0<a href=\"https:\/\/www.maroe.es\/?page_id=4307\">Telas disponibles<\/a>\u00a0y a\u00f1adir el nombre de las telas elegidas en los recuadros.<\/li>\n<\/ul>\n<p>Medidas: 24,50&#215;17,50cm aprox. (cerrado)\u00a0 24,50x35cm aprox. (abierto)<\/p>\n","protected":false},"featured_media":5804,"template":"","meta":{"_monsterinsights_skip_tracking":false,"_monsterinsights_sitenote_active":false,"_monsterinsights_sitenote_note":"","_monsterinsights_sitenote_category":0},"product_cat":[207],"product_tag":[],"jetpack_sharing_enabled":true,"_links":{"self":[{"href":"https:\/\/www.maroe.es\/index.php?rest_route=\/wp\/v2\/product\/4390"}],"collection":[{"href":"https:\/\/www.maroe.es\/index.php?rest_route=\/wp\/v2\/product"}],"about":[{"href":"https:\/\/www.maroe.es\/index.php?rest_route=\/wp\/v2\/types\/product"}],"wp:featuredmedia":[{"embeddable":true,"href":"https:\/\/www.maroe.es\/index.php?rest_route=\/wp\/v2\/media\/5804"}],"wp:attachment":[{"href":"https:\/\/www.maroe.es\/index.php?rest_route=%2Fwp%2Fv2%2Fmedia&parent=4390"}],"wp:term":[{"taxonomy":"product_cat","embeddable":true,"href":"https:\/\/www.maroe.es\/index.php?rest_route=%2Fwp%2Fv2%2Fproduct_cat&post=4390"},{"taxonomy":"product_tag","embeddable":true,"href":"https:\/\/www.maroe.es\/index.php?rest_route=%2Fwp%2Fv2%2Fproduct_tag&post=4390"}],"curies":[{"name":"wp","href":"https:\/\/api.w.org\/{rel}","templated":true}]}}