{"id":4511,"date":"2023-03-18T08:10:04","date_gmt":"2023-03-18T08:10:04","guid":{"rendered":"https:\/\/www.maroe.es\/?post_type=product&#038;p=4511"},"modified":"2026-03-30T07:54:39","modified_gmt":"2026-03-30T07:54:39","slug":"muneco-apego","status":"publish","type":"product","link":"https:\/\/www.maroe.es\/?product=muneco-apego","title":{"rendered":"Conejito"},"content":{"rendered":"","protected":false},"excerpt":{"rendered":"<blockquote><p>Mu\u00f1eco dise\u00f1ado y hecho a mano con mucho amor.<\/p><\/blockquote>\n<p>Fiel amigo para los m\u00e1s peque\u00f1os de la casa, ideal para utilizarlo como mu\u00f1eco de apego y que le acompa\u00f1e desde sus primeros meses de vida.<\/p>\n<ul>\n<li>Puedes elegir la tela que m\u00e1s te guste para su barriguita y las orejas.<\/li>\n<li>El nombre es opcional y podr\u00e1s a\u00f1adirlo en el recuadro de mas abajo. (+2,50\u20ac)<\/li>\n<li>Puedes consultar en el siguiente enlace\u00a0<a href=\"https:\/\/www.maroe.es\/?page_id=4307\">Telas disponibles<\/a>\u00a0y a\u00f1adir el nombre de las telas elegidas en los recuadros.<\/li>\n<\/ul>\n","protected":false},"featured_media":5823,"template":"","meta":{"_monsterinsights_skip_tracking":false,"_monsterinsights_sitenote_active":false,"_monsterinsights_sitenote_note":"","_monsterinsights_sitenote_category":0},"product_cat":[207],"product_tag":[],"jetpack_sharing_enabled":true,"_links":{"self":[{"href":"https:\/\/www.maroe.es\/index.php?rest_route=\/wp\/v2\/product\/4511"}],"collection":[{"href":"https:\/\/www.maroe.es\/index.php?rest_route=\/wp\/v2\/product"}],"about":[{"href":"https:\/\/www.maroe.es\/index.php?rest_route=\/wp\/v2\/types\/product"}],"wp:featuredmedia":[{"embeddable":true,"href":"https:\/\/www.maroe.es\/index.php?rest_route=\/wp\/v2\/media\/5823"}],"wp:attachment":[{"href":"https:\/\/www.maroe.es\/index.php?rest_route=%2Fwp%2Fv2%2Fmedia&parent=4511"}],"wp:term":[{"taxonomy":"product_cat","embeddable":true,"href":"https:\/\/www.maroe.es\/index.php?rest_route=%2Fwp%2Fv2%2Fproduct_cat&post=4511"},{"taxonomy":"product_tag","embeddable":true,"href":"https:\/\/www.maroe.es\/index.php?rest_route=%2Fwp%2Fv2%2Fproduct_tag&post=4511"}],"curies":[{"name":"wp","href":"https:\/\/api.w.org\/{rel}","templated":true}]}}