{"id":4630,"date":"2023-05-19T09:06:01","date_gmt":"2023-05-19T09:06:01","guid":{"rendered":"https:\/\/www.maroe.es\/?post_type=product&#038;p=4630"},"modified":"2026-03-30T07:53:14","modified_gmt":"2026-03-30T07:53:14","slug":"cesta","status":"publish","type":"product","link":"https:\/\/www.maroe.es\/?product=cesta","title":{"rendered":"Cesta"},"content":{"rendered":"","protected":false},"excerpt":{"rendered":"<p>Cesta personalizada con las telas que m\u00e1s te gusten.<\/p>\n<p>Medida: 23 cm ancho x 15,5cm de alto (doblado) x 10cm de fondo aprox.<\/p>\n<p>En caso de querer una medida un poco m\u00e1s grande consultar por instagram o whatsapp.<\/p>\n<ul>\n<li>Se puede personalizar con el nombre del beb\u00e9.<\/li>\n<li>Puedes consultar a trav\u00e9s de nuestras redes sociales (instragram, whatsapp) c\u00f3mo combinar\u00edan las telas entre s\u00ed.<\/li>\n<li>Puedes consultar en el siguiente enlace\u00a0<a href=\"https:\/\/www.maroe.es\/?page_id=4307\">Telas disponibles<\/a>\u00a0y a\u00f1adir el nombre de las telas elegidas en los recuadros.<\/li>\n<\/ul>\n","protected":false},"featured_media":5817,"template":"","meta":{"_monsterinsights_skip_tracking":false,"_monsterinsights_sitenote_active":false,"_monsterinsights_sitenote_note":"","_monsterinsights_sitenote_category":0},"product_cat":[207],"product_tag":[],"jetpack_sharing_enabled":true,"_links":{"self":[{"href":"https:\/\/www.maroe.es\/index.php?rest_route=\/wp\/v2\/product\/4630"}],"collection":[{"href":"https:\/\/www.maroe.es\/index.php?rest_route=\/wp\/v2\/product"}],"about":[{"href":"https:\/\/www.maroe.es\/index.php?rest_route=\/wp\/v2\/types\/product"}],"wp:featuredmedia":[{"embeddable":true,"href":"https:\/\/www.maroe.es\/index.php?rest_route=\/wp\/v2\/media\/5817"}],"wp:attachment":[{"href":"https:\/\/www.maroe.es\/index.php?rest_route=%2Fwp%2Fv2%2Fmedia&parent=4630"}],"wp:term":[{"taxonomy":"product_cat","embeddable":true,"href":"https:\/\/www.maroe.es\/index.php?rest_route=%2Fwp%2Fv2%2Fproduct_cat&post=4630"},{"taxonomy":"product_tag","embeddable":true,"href":"https:\/\/www.maroe.es\/index.php?rest_route=%2Fwp%2Fv2%2Fproduct_tag&post=4630"}],"curies":[{"name":"wp","href":"https:\/\/api.w.org\/{rel}","templated":true}]}}