{"id":4659,"date":"2023-05-19T16:32:41","date_gmt":"2023-05-19T16:32:41","guid":{"rendered":"https:\/\/www.maroe.es\/?post_type=product&#038;p=4659"},"modified":"2026-03-30T07:55:55","modified_gmt":"2026-03-30T07:55:55","slug":"organizador-cuna","status":"publish","type":"product","link":"https:\/\/www.maroe.es\/?product=organizador-cuna","title":{"rendered":"Organizador Cuna"},"content":{"rendered":"","protected":false},"excerpt":{"rendered":"<p>Organizador de cuna para tener a mano todo lo que necesita tu beb\u00e9.<\/p>\n<p>Medidas: 44cm ancho x 24 de alto aprox.<\/p>\n<ul>\n<li>Se puede personalizar con el nombre del beb\u00e9.<\/li>\n<li>Contiene dos bolsillos.<\/li>\n<li>Puedes consultar a trav\u00e9s de nuestras redes sociales (instragram, whatsapp) c\u00f3mo combinar\u00edan las telas entre s\u00ed.<\/li>\n<li>Puedes consultar en el siguiente enlace\u00a0<a href=\"https:\/\/www.maroe.es\/?page_id=4307\">Telas disponibles<\/a>\u00a0y a\u00f1adir el nombre de las telas elegidas en los recuadros.<\/li>\n<\/ul>\n","protected":false},"featured_media":5807,"template":"","meta":{"_monsterinsights_skip_tracking":false,"_monsterinsights_sitenote_active":false,"_monsterinsights_sitenote_note":"","_monsterinsights_sitenote_category":0},"product_cat":[207],"product_tag":[],"jetpack_sharing_enabled":true,"_links":{"self":[{"href":"https:\/\/www.maroe.es\/index.php?rest_route=\/wp\/v2\/product\/4659"}],"collection":[{"href":"https:\/\/www.maroe.es\/index.php?rest_route=\/wp\/v2\/product"}],"about":[{"href":"https:\/\/www.maroe.es\/index.php?rest_route=\/wp\/v2\/types\/product"}],"wp:featuredmedia":[{"embeddable":true,"href":"https:\/\/www.maroe.es\/index.php?rest_route=\/wp\/v2\/media\/5807"}],"wp:attachment":[{"href":"https:\/\/www.maroe.es\/index.php?rest_route=%2Fwp%2Fv2%2Fmedia&parent=4659"}],"wp:term":[{"taxonomy":"product_cat","embeddable":true,"href":"https:\/\/www.maroe.es\/index.php?rest_route=%2Fwp%2Fv2%2Fproduct_cat&post=4659"},{"taxonomy":"product_tag","embeddable":true,"href":"https:\/\/www.maroe.es\/index.php?rest_route=%2Fwp%2Fv2%2Fproduct_tag&post=4659"}],"curies":[{"name":"wp","href":"https:\/\/api.w.org\/{rel}","templated":true}]}}