{"id":4905,"date":"2023-11-29T11:24:10","date_gmt":"2023-11-29T11:24:10","guid":{"rendered":"https:\/\/www.maroe.es\/?post_type=product&#038;p=4905"},"modified":"2026-05-12T11:10:37","modified_gmt":"2026-05-12T11:10:37","slug":"boligrafo","status":"publish","type":"product","link":"https:\/\/www.maroe.es\/?product=boligrafo","title":{"rendered":"Bol\u00edgrafo"},"content":{"rendered":"","protected":false},"excerpt":{"rendered":"<p>Bol\u00edgrafo con tinta negra personalizado con la inicial.<\/p>\n<p><strong>Consultar antes de hacer el pedido por las opciones o colores de abalorios que hay disponibles.<\/strong><\/p>\n<p>Se puede a\u00f1adir a conjunto un llavero de silicona con el nombre (max. 7 letras).<\/p>\n<p>Tambi\u00e9n est\u00e1 la opci\u00f3n de a\u00f1adir una tinta de color azul de recambio.<\/p>\n","protected":false},"featured_media":4903,"template":"","meta":{"_monsterinsights_skip_tracking":false,"_monsterinsights_sitenote_active":false,"_monsterinsights_sitenote_note":"","_monsterinsights_sitenote_category":0},"product_cat":[235],"product_tag":[],"jetpack_sharing_enabled":true,"_links":{"self":[{"href":"https:\/\/www.maroe.es\/index.php?rest_route=\/wp\/v2\/product\/4905"}],"collection":[{"href":"https:\/\/www.maroe.es\/index.php?rest_route=\/wp\/v2\/product"}],"about":[{"href":"https:\/\/www.maroe.es\/index.php?rest_route=\/wp\/v2\/types\/product"}],"wp:featuredmedia":[{"embeddable":true,"href":"https:\/\/www.maroe.es\/index.php?rest_route=\/wp\/v2\/media\/4903"}],"wp:attachment":[{"href":"https:\/\/www.maroe.es\/index.php?rest_route=%2Fwp%2Fv2%2Fmedia&parent=4905"}],"wp:term":[{"taxonomy":"product_cat","embeddable":true,"href":"https:\/\/www.maroe.es\/index.php?rest_route=%2Fwp%2Fv2%2Fproduct_cat&post=4905"},{"taxonomy":"product_tag","embeddable":true,"href":"https:\/\/www.maroe.es\/index.php?rest_route=%2Fwp%2Fv2%2Fproduct_tag&post=4905"}],"curies":[{"name":"wp","href":"https:\/\/api.w.org\/{rel}","templated":true}]}}