{"id":5210,"date":"2024-04-19T16:31:39","date_gmt":"2024-04-19T16:31:39","guid":{"rendered":"https:\/\/www.maroe.es\/?post_type=product&#038;p=5210"},"modified":"2026-05-04T16:17:42","modified_gmt":"2026-05-04T16:17:42","slug":"mochila-solapa-tela-a-elegir","status":"publish","type":"product","link":"https:\/\/www.maroe.es\/?product=mochila-solapa-tela-a-elegir","title":{"rendered":"Mochila Solapa (TELA A ELEGIR)"},"content":{"rendered":"","protected":false},"excerpt":{"rendered":"<p>Mochila hecha a mano (para peques de hasta 6 a\u00f1os) con cierre ajustable con rizo y forro interior.<\/p>\n<ul>\n<li>Medida: 25.5\u00d718 cm.<\/li>\n<li>En el recuadro de abajo podr\u00e9is a\u00f1adir el nombre del peque que ir\u00e1 grabado en la solapa de la mochila.<\/li>\n<li>Cintas en beige.<\/li>\n<li>Puedes consultar en el siguiente enlace\u00a0<a href=\"https:\/\/www.maroe.es\/?page_id=4307\">Telas disponibles<\/a>\u00a0y a\u00f1adir el nombre de las telas elegidas en los recuadros.<\/li>\n<\/ul>\n","protected":false},"featured_media":5732,"template":"","meta":{"_monsterinsights_skip_tracking":false,"_monsterinsights_sitenote_active":false,"_monsterinsights_sitenote_note":"","_monsterinsights_sitenote_category":0},"product_cat":[167],"product_tag":[],"jetpack_sharing_enabled":true,"_links":{"self":[{"href":"https:\/\/www.maroe.es\/index.php?rest_route=\/wp\/v2\/product\/5210"}],"collection":[{"href":"https:\/\/www.maroe.es\/index.php?rest_route=\/wp\/v2\/product"}],"about":[{"href":"https:\/\/www.maroe.es\/index.php?rest_route=\/wp\/v2\/types\/product"}],"wp:featuredmedia":[{"embeddable":true,"href":"https:\/\/www.maroe.es\/index.php?rest_route=\/wp\/v2\/media\/5732"}],"wp:attachment":[{"href":"https:\/\/www.maroe.es\/index.php?rest_route=%2Fwp%2Fv2%2Fmedia&parent=5210"}],"wp:term":[{"taxonomy":"product_cat","embeddable":true,"href":"https:\/\/www.maroe.es\/index.php?rest_route=%2Fwp%2Fv2%2Fproduct_cat&post=5210"},{"taxonomy":"product_tag","embeddable":true,"href":"https:\/\/www.maroe.es\/index.php?rest_route=%2Fwp%2Fv2%2Fproduct_tag&post=5210"}],"curies":[{"name":"wp","href":"https:\/\/api.w.org\/{rel}","templated":true}]}}