{"id":5217,"date":"2024-04-19T16:52:57","date_gmt":"2024-04-19T16:52:57","guid":{"rendered":"https:\/\/www.maroe.es\/?post_type=product&#038;p=5217"},"modified":"2026-05-04T16:06:52","modified_gmt":"2026-05-04T16:06:52","slug":"babi-escolar","status":"publish","type":"product","link":"https:\/\/www.maroe.es\/?product=babi-escolar","title":{"rendered":"Babi escolar"},"content":{"rendered":"","protected":false},"excerpt":{"rendered":"<p>Babi 100% algod\u00f3n, confeccionado con el\u00e1stico suave en cuello y pu\u00f1os adem\u00e1s de un bolsillo central.<\/p>\n<ul>\n<li>Talla 1 (12\/18 meses)<\/li>\n<li>Talla 2 (24 meses)<\/li>\n<li>Talla 3 (36 meses)<\/li>\n<li>Se personaliza con el nombre.<\/li>\n<li>Puedes consultar en el siguiente enlace\u00a0<a href=\"https:\/\/www.maroe.es\/?page_id=4307\">Telas disponibles<\/a>\u00a0y a\u00f1adir el nombre de las telas elegidas en los recuadros.<\/li>\n<\/ul>\n<p>Pod\u00e9is consultar colores y estampados disponibles para combinar las telas a trav\u00e9s de mensaje privado en instagram o whatsapp<\/p>\n","protected":false},"featured_media":5709,"template":"","meta":{"_monsterinsights_skip_tracking":false,"_monsterinsights_sitenote_active":false,"_monsterinsights_sitenote_note":"","_monsterinsights_sitenote_category":0},"product_cat":[167],"product_tag":[],"jetpack_sharing_enabled":true,"_links":{"self":[{"href":"https:\/\/www.maroe.es\/index.php?rest_route=\/wp\/v2\/product\/5217"}],"collection":[{"href":"https:\/\/www.maroe.es\/index.php?rest_route=\/wp\/v2\/product"}],"about":[{"href":"https:\/\/www.maroe.es\/index.php?rest_route=\/wp\/v2\/types\/product"}],"wp:featuredmedia":[{"embeddable":true,"href":"https:\/\/www.maroe.es\/index.php?rest_route=\/wp\/v2\/media\/5709"}],"wp:attachment":[{"href":"https:\/\/www.maroe.es\/index.php?rest_route=%2Fwp%2Fv2%2Fmedia&parent=5217"}],"wp:term":[{"taxonomy":"product_cat","embeddable":true,"href":"https:\/\/www.maroe.es\/index.php?rest_route=%2Fwp%2Fv2%2Fproduct_cat&post=5217"},{"taxonomy":"product_tag","embeddable":true,"href":"https:\/\/www.maroe.es\/index.php?rest_route=%2Fwp%2Fv2%2Fproduct_tag&post=5217"}],"curies":[{"name":"wp","href":"https:\/\/api.w.org\/{rel}","templated":true}]}}