{"id":5277,"date":"2024-04-19T17:32:08","date_gmt":"2024-04-19T17:32:08","guid":{"rendered":"https:\/\/www.maroe.es\/?post_type=product&#038;p=5277"},"modified":"2025-03-01T11:01:56","modified_gmt":"2025-03-01T11:01:56","slug":"identificador","status":"publish","type":"product","link":"https:\/\/www.maroe.es\/?product=identificador","title":{"rendered":"Identificador"},"content":{"rendered":"","protected":false},"excerpt":{"rendered":"<p class=\"p1\"><span class=\"s1\">Identificador colgante con nombre, dibujo y m\u00e1s datos (ideal para indicar alergias) en madera de 3mm o DM<\/span><\/p>\n<p class=\"p1\"><span class=\"s3\">*<em>Escribenos por cualquiera de nuestras redes sociales para cualquier duda, m\u00e1s informaci\u00f3n o para pedir presupuesto por m\u00e1s de 10 unidades.<\/em><\/span><\/p>\n","protected":false},"featured_media":5161,"template":"","meta":{"_monsterinsights_skip_tracking":false,"_monsterinsights_sitenote_active":false,"_monsterinsights_sitenote_note":"","_monsterinsights_sitenote_category":0},"product_cat":[423],"product_tag":[],"jetpack_sharing_enabled":true,"_links":{"self":[{"href":"https:\/\/www.maroe.es\/index.php?rest_route=\/wp\/v2\/product\/5277"}],"collection":[{"href":"https:\/\/www.maroe.es\/index.php?rest_route=\/wp\/v2\/product"}],"about":[{"href":"https:\/\/www.maroe.es\/index.php?rest_route=\/wp\/v2\/types\/product"}],"wp:featuredmedia":[{"embeddable":true,"href":"https:\/\/www.maroe.es\/index.php?rest_route=\/wp\/v2\/media\/5161"}],"wp:attachment":[{"href":"https:\/\/www.maroe.es\/index.php?rest_route=%2Fwp%2Fv2%2Fmedia&parent=5277"}],"wp:term":[{"taxonomy":"product_cat","embeddable":true,"href":"https:\/\/www.maroe.es\/index.php?rest_route=%2Fwp%2Fv2%2Fproduct_cat&post=5277"},{"taxonomy":"product_tag","embeddable":true,"href":"https:\/\/www.maroe.es\/index.php?rest_route=%2Fwp%2Fv2%2Fproduct_tag&post=5277"}],"curies":[{"name":"wp","href":"https:\/\/api.w.org\/{rel}","templated":true}]}}