{"id":5280,"date":"2024-04-19T17:50:18","date_gmt":"2024-04-19T17:50:18","guid":{"rendered":"https:\/\/www.maroe.es\/?post_type=product&#038;p=5280"},"modified":"2025-01-16T20:11:51","modified_gmt":"2025-01-16T20:11:51","slug":"lapiz-estrella-2","status":"publish","type":"product","link":"https:\/\/www.maroe.es\/?product=lapiz-estrella-2","title":{"rendered":"Lapiz estrella"},"content":{"rendered":"","protected":false},"excerpt":{"rendered":"<p>L\u00e1piz personalizado con estrella y nombre grabado.<\/p>\n<p class=\"p1\"><span class=\"s1\">*Escribenos por cualquiera de nuestras redes sociales para cualquier duda, m\u00e1s informaci\u00f3n o para pedir presupuesto por m\u00e1s de 10 unidades.<\/span><\/p>\n","protected":false},"featured_media":5011,"template":"","meta":{"_monsterinsights_skip_tracking":false,"_monsterinsights_sitenote_active":false,"_monsterinsights_sitenote_note":"","_monsterinsights_sitenote_category":0},"product_cat":[516,423],"product_tag":[],"jetpack_sharing_enabled":true,"_links":{"self":[{"href":"https:\/\/www.maroe.es\/index.php?rest_route=\/wp\/v2\/product\/5280"}],"collection":[{"href":"https:\/\/www.maroe.es\/index.php?rest_route=\/wp\/v2\/product"}],"about":[{"href":"https:\/\/www.maroe.es\/index.php?rest_route=\/wp\/v2\/types\/product"}],"wp:featuredmedia":[{"embeddable":true,"href":"https:\/\/www.maroe.es\/index.php?rest_route=\/wp\/v2\/media\/5011"}],"wp:attachment":[{"href":"https:\/\/www.maroe.es\/index.php?rest_route=%2Fwp%2Fv2%2Fmedia&parent=5280"}],"wp:term":[{"taxonomy":"product_cat","embeddable":true,"href":"https:\/\/www.maroe.es\/index.php?rest_route=%2Fwp%2Fv2%2Fproduct_cat&post=5280"},{"taxonomy":"product_tag","embeddable":true,"href":"https:\/\/www.maroe.es\/index.php?rest_route=%2Fwp%2Fv2%2Fproduct_tag&post=5280"}],"curies":[{"name":"wp","href":"https:\/\/api.w.org\/{rel}","templated":true}]}}