{"id":5294,"date":"2024-04-22T08:48:41","date_gmt":"2024-04-22T08:48:41","guid":{"rendered":"https:\/\/www.maroe.es\/?post_type=product&#038;p=5294"},"modified":"2026-03-30T07:57:09","modified_gmt":"2026-03-30T07:57:09","slug":"portapanales","status":"publish","type":"product","link":"https:\/\/www.maroe.es\/?product=portapanales","title":{"rendered":"Portapa\u00f1ales"},"content":{"rendered":"","protected":false},"excerpt":{"rendered":"<p>Portapa\u00f1ales personalizado con las telas que m\u00e1s te gusten.<\/p>\n<p>Un complemento indispensable que te ayudar\u00e1 a llevar ordenados todos los pa\u00f1ales y toallitas de tu beb\u00e9.<\/p>\n<p>Contiene dos compartimentos.<\/p>\n<ul>\n<li>Se puede personalizar con el nombre del beb\u00e9.<\/li>\n<li>Puedes consultar a trav\u00e9s de nuestras redes sociales (instragram, whatsapp) c\u00f3mo combinar\u00edan las telas entre s\u00ed.<\/li>\n<li>Puedes consultar en el siguiente enlace\u00a0<a href=\"https:\/\/www.maroe.es\/?page_id=4307\">Telas disponibles<\/a>\u00a0y a\u00f1adir el nombre de las telas elegidas en los recuadros.<\/li>\n<\/ul>\n<p>Medidas: 24,50&#215;17,50cm aprox. (cerrado)\u00a0 24,50x35cm aprox. (abierto)<\/p>\n","protected":false},"featured_media":5811,"template":"","meta":{"_monsterinsights_skip_tracking":false,"_monsterinsights_sitenote_active":false,"_monsterinsights_sitenote_note":"","_monsterinsights_sitenote_category":0},"product_cat":[207],"product_tag":[],"jetpack_sharing_enabled":true,"_links":{"self":[{"href":"https:\/\/www.maroe.es\/index.php?rest_route=\/wp\/v2\/product\/5294"}],"collection":[{"href":"https:\/\/www.maroe.es\/index.php?rest_route=\/wp\/v2\/product"}],"about":[{"href":"https:\/\/www.maroe.es\/index.php?rest_route=\/wp\/v2\/types\/product"}],"wp:featuredmedia":[{"embeddable":true,"href":"https:\/\/www.maroe.es\/index.php?rest_route=\/wp\/v2\/media\/5811"}],"wp:attachment":[{"href":"https:\/\/www.maroe.es\/index.php?rest_route=%2Fwp%2Fv2%2Fmedia&parent=5294"}],"wp:term":[{"taxonomy":"product_cat","embeddable":true,"href":"https:\/\/www.maroe.es\/index.php?rest_route=%2Fwp%2Fv2%2Fproduct_cat&post=5294"},{"taxonomy":"product_tag","embeddable":true,"href":"https:\/\/www.maroe.es\/index.php?rest_route=%2Fwp%2Fv2%2Fproduct_tag&post=5294"}],"curies":[{"name":"wp","href":"https:\/\/api.w.org\/{rel}","templated":true}]}}