{"id":5593,"date":"2025-03-01T11:18:15","date_gmt":"2025-03-01T11:18:15","guid":{"rendered":"https:\/\/www.maroe.es\/?post_type=product&#038;p=5593"},"modified":"2026-03-30T07:52:44","modified_gmt":"2026-03-30T07:52:44","slug":"panalera-neceser","status":"publish","type":"product","link":"https:\/\/www.maroe.es\/?product=panalera-neceser","title":{"rendered":"Pa\u00f1alera neceser"},"content":{"rendered":"","protected":false},"excerpt":{"rendered":"<p>Un complemento indispensable y c\u00f3modo que te ayudar\u00e1 llevar todos los pa\u00f1ales y toallitas de tu beb\u00e9.<\/p>\n<p>Contiene dos compartimentos: un neceser para guardar los pa\u00f1ales y un bolsillo exterior con f\u00e1cil acceso para las toallitas.<\/p>\n<ul>\n<li>Se puede personalizar con el nombre del beb\u00e9 (+2\u20ac) si es con vinilo o (+4\u20ac) si lo deseas con bordado.<\/li>\n<li>Puedes consultar en el siguiente enlace <a href=\"https:\/\/www.maroe.es\/?page_id=4307\">Telas disponibles<\/a> y a\u00f1adir el nombre de las telas elegidas en los recuadros.<\/li>\n<\/ul>\n<p><strong>*Medida toallitas tipo Dodot. Para otras marcas, consultar.<\/strong><\/p>\n","protected":false},"featured_media":5794,"template":"","meta":{"_monsterinsights_skip_tracking":false,"_monsterinsights_sitenote_active":false,"_monsterinsights_sitenote_note":"","_monsterinsights_sitenote_category":0},"product_cat":[207],"product_tag":[],"jetpack_sharing_enabled":true,"_links":{"self":[{"href":"https:\/\/www.maroe.es\/index.php?rest_route=\/wp\/v2\/product\/5593"}],"collection":[{"href":"https:\/\/www.maroe.es\/index.php?rest_route=\/wp\/v2\/product"}],"about":[{"href":"https:\/\/www.maroe.es\/index.php?rest_route=\/wp\/v2\/types\/product"}],"wp:featuredmedia":[{"embeddable":true,"href":"https:\/\/www.maroe.es\/index.php?rest_route=\/wp\/v2\/media\/5794"}],"wp:attachment":[{"href":"https:\/\/www.maroe.es\/index.php?rest_route=%2Fwp%2Fv2%2Fmedia&parent=5593"}],"wp:term":[{"taxonomy":"product_cat","embeddable":true,"href":"https:\/\/www.maroe.es\/index.php?rest_route=%2Fwp%2Fv2%2Fproduct_cat&post=5593"},{"taxonomy":"product_tag","embeddable":true,"href":"https:\/\/www.maroe.es\/index.php?rest_route=%2Fwp%2Fv2%2Fproduct_tag&post=5593"}],"curies":[{"name":"wp","href":"https:\/\/api.w.org\/{rel}","templated":true}]}}