{"id":6197,"date":"2026-04-17T08:30:11","date_gmt":"2026-04-17T08:30:11","guid":{"rendered":"https:\/\/www.maroe.es\/?post_type=product&#038;p=6197"},"modified":"2026-04-17T08:51:37","modified_gmt":"2026-04-17T08:51:37","slug":"pack-paseo-plumeti-verde-agua-leones","status":"publish","type":"product","link":"https:\/\/www.maroe.es\/?product=pack-paseo-plumeti-verde-agua-leones","title":{"rendered":"Pack Paseo Plumeti verde agua + Leones"},"content":{"rendered":"","protected":false},"excerpt":{"rendered":"<p>Complementos indispensables y c\u00f3modos que te ayudar\u00e1n a llevar todos los productos de tu beb\u00e9.<\/p>\n<p>La pa\u00f1alera contiene dos compartimentos: un neceser para guardar los pa\u00f1ales y un bolsillo exterior con f\u00e1cil acceso para las toallitas.<\/p>\n<p>Cambiador con interior impermeable, ideal para cambiarlo en cualquier parte. (34x60cm aprox.)<\/p>\n<p>Bolsa multiusos infantil 100% algod\u00f3n. (32,50x26cm aprox.)<\/p>\n<ul>\n<li>Se puede personalizar con el nombre del beb\u00e9 (+2\u20ac).<\/li>\n<\/ul>\n<p><strong>*Medida toallitas tipo Dodot. Para otras marcas, consultar.<\/strong><\/p>\n<p>Este producto se enviar\u00e1 en <strong>24-48 horas laborables<\/strong> (excepto si a\u00f1aden algo fuera de la categor\u00eda de stock, que ser\u00eda el plazo estimado de los productos personalizados).<\/p>\n","protected":false},"featured_media":6195,"template":"","meta":{"_monsterinsights_skip_tracking":false,"_monsterinsights_sitenote_active":false,"_monsterinsights_sitenote_note":"","_monsterinsights_sitenote_category":0},"product_cat":[602],"product_tag":[],"jetpack_sharing_enabled":true,"_links":{"self":[{"href":"https:\/\/www.maroe.es\/index.php?rest_route=\/wp\/v2\/product\/6197"}],"collection":[{"href":"https:\/\/www.maroe.es\/index.php?rest_route=\/wp\/v2\/product"}],"about":[{"href":"https:\/\/www.maroe.es\/index.php?rest_route=\/wp\/v2\/types\/product"}],"wp:featuredmedia":[{"embeddable":true,"href":"https:\/\/www.maroe.es\/index.php?rest_route=\/wp\/v2\/media\/6195"}],"wp:attachment":[{"href":"https:\/\/www.maroe.es\/index.php?rest_route=%2Fwp%2Fv2%2Fmedia&parent=6197"}],"wp:term":[{"taxonomy":"product_cat","embeddable":true,"href":"https:\/\/www.maroe.es\/index.php?rest_route=%2Fwp%2Fv2%2Fproduct_cat&post=6197"},{"taxonomy":"product_tag","embeddable":true,"href":"https:\/\/www.maroe.es\/index.php?rest_route=%2Fwp%2Fv2%2Fproduct_tag&post=6197"}],"curies":[{"name":"wp","href":"https:\/\/api.w.org\/{rel}","templated":true}]}}