{"id":6207,"date":"2026-04-20T11:59:12","date_gmt":"2026-04-20T11:59:12","guid":{"rendered":"https:\/\/www.maroe.es\/?post_type=product&#038;p=6207"},"modified":"2026-04-20T14:28:22","modified_gmt":"2026-04-20T14:28:22","slug":"enganche-panalera","status":"publish","type":"product","link":"https:\/\/www.maroe.es\/?product=enganche-panalera","title":{"rendered":"Enganche pa\u00f1alera"},"content":{"rendered":"","protected":false},"excerpt":{"rendered":"<p>Enganches para pa\u00f1alera, se compran individualmente.<\/p>\n<p>Puedes escoger si quieres una o dos tiras (<strong>en caso de a\u00f1adir 1 ser\u00eda s\u00f3lo un enganche<\/strong>).<\/p>\n<ul>\n<li>Puedes consultar en el siguiente enlace\u00a0<a href=\"https:\/\/www.maroe.es\/?page_id=4307\">Telas disponibles<\/a> y a\u00f1adir el nombre de las tela elegida en el recuadro.<\/li>\n<\/ul>\n","protected":false},"featured_media":6204,"template":"","meta":{"_monsterinsights_skip_tracking":false,"_monsterinsights_sitenote_active":false,"_monsterinsights_sitenote_note":"","_monsterinsights_sitenote_category":0},"product_cat":[207],"product_tag":[],"jetpack_sharing_enabled":true,"_links":{"self":[{"href":"https:\/\/www.maroe.es\/index.php?rest_route=\/wp\/v2\/product\/6207"}],"collection":[{"href":"https:\/\/www.maroe.es\/index.php?rest_route=\/wp\/v2\/product"}],"about":[{"href":"https:\/\/www.maroe.es\/index.php?rest_route=\/wp\/v2\/types\/product"}],"wp:featuredmedia":[{"embeddable":true,"href":"https:\/\/www.maroe.es\/index.php?rest_route=\/wp\/v2\/media\/6204"}],"wp:attachment":[{"href":"https:\/\/www.maroe.es\/index.php?rest_route=%2Fwp%2Fv2%2Fmedia&parent=6207"}],"wp:term":[{"taxonomy":"product_cat","embeddable":true,"href":"https:\/\/www.maroe.es\/index.php?rest_route=%2Fwp%2Fv2%2Fproduct_cat&post=6207"},{"taxonomy":"product_tag","embeddable":true,"href":"https:\/\/www.maroe.es\/index.php?rest_route=%2Fwp%2Fv2%2Fproduct_tag&post=6207"}],"curies":[{"name":"wp","href":"https:\/\/api.w.org\/{rel}","templated":true}]}}